{"id":2122,"date":"2020-12-05T11:32:55","date_gmt":"2020-12-05T11:32:55","guid":{"rendered":"https:\/\/geffsport.com\/legal\/"},"modified":"2020-12-05T11:32:55","modified_gmt":"2020-12-05T11:32:55","slug":"legal","status":"publish","type":"page","link":"https:\/\/geffsport.com\/nl\/legal\/","title":{"rendered":"Legal"},"content":{"rendered":"<p>GEFF SPORT S.L. (en adelante, GEFF SPORT), provista de CIF n\u00ba B-45737053, con domicilio en Calle Salinas, 34 \u2013 P.I. Los Albardiales \u2013 45340 Ont\u00edgola (Toledo), e inscrita en el Registro Mercantil de Toledo, Tomo 1.501, Folio 157, Hoja TO-31841, informa de las disposiciones que regulan el acceso y uso de esta p\u00e1gina web (en adelante, P\u00e1gina Web o Portal) y del servicio que se pudiera ofrecer a trav\u00e9s de la misma, recomend\u00e1ndole que las lea por cuanto dicho acceso y uso implica la aceptaci\u00f3n de tales disposiciones.<\/p>\n<p><strong>1.- CONDICIONES GENERALES DE USO:<\/strong><\/p>\n<p>Este Portal ha sido creado por GEFF SPORT con car\u00e1cter meramente informativo, de entretenimiento y\/o lucrativo. El acceso y\/o navegaci\u00f3n por el Portal atribuye a quien lo realiza la condici\u00f3n de Usuario. Como Usuario, usted declara ser mayor de edad y disponer de la capacidad jur\u00eddica suficiente para vincularse por las presentes condiciones de uso y acceso al Portal.<\/p>\n<p>El Usuario acepta, de forma expresa y sin excepciones, que el acceso y la utilizaci\u00f3n de esta P\u00e1gina Web, de sus servicios y de los contenidos de dichos servicios tiene lugar bajo su \u00fanica y exclusiva responsabilidad y se compromete a utilizar el Portal, los contenidos o servicios de conformidad con la ley, el presente aviso legal, y las condiciones particulares de cada uno de los servicios, las buenas costumbres y orden p\u00fablico.<\/p>\n<p>De la misma forma el Usuario se obliga a no utilizar el Portal o los servicios que se ofrecen con fines a trav\u00e9s del mismo con efectos il\u00edcitos, contrarios al contenido de estas condiciones generales, lesivos de los derechos e intereses de GEFF SPORT, de terceros,\u00a0o que de cualquier forma puedan da\u00f1ar, inutilizar, sobrecargar o deteriorar el sitio web o los servicios o impedir la normal utilizaci\u00f3n o disfrute del Portal por otros Usuarios.<\/p>\n<p>La sociedad es propietaria del nombre de dominio geffsport.es y de la p\u00e1gina en internet a la que se accede a trav\u00e9s de dicho dominio www.geffsport.es.<\/p>\n<p>GEFF SPORT se reserva el derecho a realizar cambios en la p\u00e1gina web sin previo aviso, con el fin de actualizar, modificar, corregir, a\u00f1adir o eliminar sus contenidos o su dise\u00f1o.<\/p>\n<p>En caso de efectuar operaciones de mantenimiento, actualizaci\u00f3n, reparaci\u00f3n o mejora de servicios, GEFF SPORT tiene derecho a suspender temporalmente y sin necesidad de preaviso el acceso a la presente p\u00e1gina web, as\u00ed como el derecho de presentaci\u00f3n o cancelaci\u00f3n de servicios, sin perjuicio de lo cual, procurar\u00e1 ponerlo en conocimiento de los Usuarios, siempre que las circunstancias as\u00ed lo permitan.<\/p>\n<p>GEFF SPORT realiza los m\u00e1ximos esfuerzos para evitar cualquier error en los contenidos que pudieran aparecer en este Portal. GEFF SPORT no garantiza, ni se responsabiliza de las consecuencias que pudieran derivarse de los errores en los contenidos que pudieran aparecer en esta P\u00e1gina Web, ya hubiesen sido proporcionados por la propia GEFF SPORT o por terceros.<\/p>\n<p>Sin perjuicio de lo anterior, GEFF SPORT se reserva el derecho a denegar en cualquier momento y sin necesidad de aviso previo, el acceso al Portal a aquellos Usuarios que incumplan estas condiciones generales de uso y acceso o cualesquiera otras de las contenidas en el presente Aviso Legal.<\/p>\n<p><strong>2.- LIMITACI\u00d3N DE GARANT\u00cdAS Y RESPONSABILIDAD:<\/strong><\/p>\n<p>El acceso al Portal requiere de servicios y suministros de terceros, incluidos el transporte a trav\u00e9s de redes de telecomunicaciones cuya fiabilidad, calidad, continuidad y funcionamiento no corresponde a GEFF SPORT. Por consiguiente, los servicios prove\u00eddos a trav\u00e9s del Portal pueden ser suspendidos, cancelados o resultar inaccesibles, con car\u00e1cter previo o simult\u00e1neo a la prestaci\u00f3n del servicio del Portal.<\/p>\n<p>GEFF SPORT no se responsabiliza de los da\u00f1os o perjuicios de cualquier tipo producidos en el Usuario que traigan causa de fallos o desconexiones en las redes de telecomunicaciones que produzcan la suspensi\u00f3n, cancelaci\u00f3n o interrupci\u00f3n del servicio del Portal durante la prestaci\u00f3n del mismo o con car\u00e1cter previo.<\/p>\n<p>GEFF SPORT garantiza la veracidad y autenticidad de la informaci\u00f3n comunicada y se obliga asimismo a mantener esta informaci\u00f3n actualizada. Asimismo, se compromete a trav\u00e9s de este medio a no realizar publicidad enga\u00f1osa (art. 4 Ley 34\/1988, de 11 de noviembre, General de Publicidad y novedades incluidas en la Ley 29\/2009, de 30 de diciembre, por la que se modifica el r\u00e9gimen legal de la competencia desleal y de la publicidad para la mejora de la protecci\u00f3n de los consumidores y Usuarios).<\/p>\n<p>A estos efectos, no ser\u00e1n considerados como publicidad enga\u00f1osa los errores formales o num\u00e9ricos que puedan encontrarse a lo largo del contenido de las distintas secciones de la P\u00e1gina Web producidos como consecuencia de un mantenimiento y\/o actualizaci\u00f3n incompleta o defectuosa de la informaci\u00f3n contenida en estas secciones. Como consecuencia de lo dispuesto en este p\u00e1rrafo, se compromete a corregirlo tan pronto como sea posible.<\/p>\n<p>&nbsp;<\/p>\n<p>El Portal pone a disposici\u00f3n de los Usuarios dispositivos t\u00e9cnicos de enlace (tales como, entre otros, links, banners, directorios, etc.), que permiten el acceso a p\u00e1ginas web o sites pertenecientes y\/o gestionados por terceros respecto de las cuales GEFF SPORT ni es titular ni tiene ning\u00fan tipo de vinculaci\u00f3n.<\/p>\n<p>En consecuencia, GEFF SPORT no ser\u00e1 responsable del control y vigilancia de sus contenidos por lo que GEFF SPORT no asumir\u00e1 ninguna responsabilidad, ni directa ni subsidiaria, sobre dichas p\u00e1ginas web o sites. El Usuario deber\u00e1 extremar la prudencia en la valoraci\u00f3n y utilizaci\u00f3n de la informaci\u00f3n, contenidos y servicios puestos a disposici\u00f3n a trav\u00e9s de estos dispositivos.<\/p>\n<p>GEFF SPORT excluye toda responsabilidad que pudiera derivarse de la transmisi\u00f3n de informaci\u00f3n entre Usuarios. Asimismo, cualesquiera manifestaciones u opiniones vertidas y difundidas en este Portal, en los chats, foros, o de cualquier otro modo y\/o en relaci\u00f3n con los mismos, ser\u00e1n responsabilidad exclusiva de quienes las realizan.<\/p>\n<p>Queda prohibida cualquier tipo de transmisi\u00f3n de datos que los Usuarios puedan realizar a este Portal, a trav\u00e9s del mismo o mediante otros accesos controlados por GEFF SPORT, que infrinjan los derechos de propiedad intelectual de la propia GEFF SPORT y\/o de terceros, as\u00ed como todas aquellas transmisiones cuyo contenido sea il\u00edcito, inmoral, calumnioso, amenazante, difamatorio, obsceno, pornogr\u00e1fico, o que de cualquier modo pueda causar un da\u00f1o u ofensa.<\/p>\n<p>GEFF SPORT se reserva el derecho a impedir o prohibir el acceso a cualquier Usuario de Internet que introduzca en este Portal cualquier contenido contrario a las normas legales o sea inmoral, reserv\u00e1ndose el derecho de ejercer las medidas legales que estime oportunas para evitar este tipo de conductas.<\/p>\n<p>Est\u00e1 expresamente prohibido el establecimiento de deep-links, y\/o frames con las p\u00e1ginas del Portal de GEFF SPORT sin la previa autorizaci\u00f3n expresa, as\u00ed como cualesquiera manifestaciones falsas, inexactas o incorrectas sobre las p\u00e1ginas del Portal de GEFF SPORT o los servicios o contenidos del mismo.<\/p>\n<p>GEFF SPORT no ser\u00e1 responsable de los da\u00f1os o perjuicios de cualquier naturaleza que pudieran deberse a la il\u00edcita, incorrecta, inapropiada o inadecuada utilizaci\u00f3n que los Usuarios realicen del Portal, de sus servicios o de sus contenidos.<\/p>\n<p>El Usuario responder\u00e1 por los da\u00f1os y perjuicios de cualquier naturaleza que GEFF SPORT pueda sufrir como consecuencia, directa o indirecta, del incumplimiento por parte del Usuario de las presentes condiciones de uso.<\/p>\n<p><strong>3.- PROPIEDAD INTELECTUAL E INDUSTRIAL:<\/strong><\/p>\n<p>Todos los contenidos de la web de GEFF SPORT, ya sean fotograf\u00edas, gr\u00e1ficos, iconos, tecnolog\u00eda, im\u00e1genes, dibujos, textos, audio, video, software, logotipos, dise\u00f1o, c\u00f3digos fuente, links y dem\u00e1s contenidos audiovisuales o sonoros est\u00e1n protegidos por la normativa de Propiedad Intelectual e Industrial, en particular por el R.D.L. 1\/96, que aprueba el Texto Refundido de la Ley de Propiedad intelectual y lo dispuesto en la secci\u00f3n II de la misma, y por la Ley de Marcas 17\/2001, especialmente por el art\u00edculo 34 de la misma. Los derechos sobre los contenidos pertenecen a GEFF SPORT o, en su caso, a terceros.<\/p>\n<p>En ning\u00fan caso el acceso al Portal implica cesi\u00f3n, transmisi\u00f3n o cualquier otro tipo de renuncia, ni total ni parcial, de los derechos de Propiedad Intelectual e Industrial, ni sobre cualquier otra propiedad o Derecho relacionado con el Portal y los servicios ofrecidos a trav\u00e9s del mismo, ni confiere ning\u00fan derecho de utilizaci\u00f3n, alteraci\u00f3n, adaptaci\u00f3n, copia, explotaci\u00f3n, reproducci\u00f3n, distribuci\u00f3n o comunicaci\u00f3n sobre los contenidos o signos distintivos objeto de propiedad intelectual o industrial, sin la previa y expresa autorizaci\u00f3n por escrito espec\u00edficamente otorgada a tal efecto por parte de GEFF SPORT o del tercero titular de los derechos. El Usuario del Portal deber\u00e1 abstenerse de suprimir, alterar, eludir o manipular cualesquiera dispositivos de protecci\u00f3n o sistemas de seguridad que puedan estar instalados en el mismo.<\/p>\n<p>El Usuario solamente tendr\u00e1 el derecho de visualizar los contenidos del Portal \u00fanicamente para su uso personal y gratuito, sin poderlo utilizar para fines comerciales ni empresariales, debiendo ejercer estos derechos conforme a los principios de la buena fe y la legislaci\u00f3n aplicable.<\/p>\n<p>En el caso de que cualquier Usuario o un tercero considere que se ha producido una violaci\u00f3n de sus leg\u00edtimos derechos por la introducci\u00f3n de un determinado contenido en el Portal, deber\u00e1 notificar dicha circunstancia de forma inmediata a GEFF SPORT.<\/p>\n<p>Los Usuarios que voluntariamente proporcionen im\u00e1genes u otra informaci\u00f3n gr\u00e1fica o multimedia a GEFF SPORT ceden, al mismo tiempo, de manera gratuita, sus derechos de reproducci\u00f3n durante el tiempo que permanezca dicho material en el servidor web. En cualquier caso, GEFF SPORT no contrae ninguna obligaci\u00f3n con el Usuario respecto a tal informaci\u00f3n, reserv\u00e1ndose el derecho de suprimirla en cualquier momento y sin previo aviso.<\/p>\n<p><strong>4.- INFORMACI\u00d3N:<\/strong><\/p>\n<p>El acceso al Portal no implica la obligaci\u00f3n por parte de GEFF SPORT de comprobar la veracidad, exactitud, adecuaci\u00f3n, idoneidad, exhaustividad y actualidad de la informaci\u00f3n suministrada a trav\u00e9s del mismo. GEFF SPORT. no se responsabiliza de las decisiones tomadas a partir de la informaci\u00f3n suministrada en el Portal ni de los da\u00f1os y perjuicios producidos en el Usuario o terceros con motivo de actuaciones que tengan como \u00fanico fundamento la informaci\u00f3n obtenida en el Portal.<\/p>\n<p><strong>5.- CALIDAD DEL SERVICIO:<\/strong><\/p>\n<p>El acceso al Portal no implica la obligaci\u00f3n por parte de GEFF SPORT de controlar la ausencia de virus, gusanos o cualquier otro elemento inform\u00e1tico da\u00f1ino. Corresponde al Usuario, en todo caso, la disponibilidad de herramientas adecuadas para la detecci\u00f3n y desinfecci\u00f3n de programas inform\u00e1ticos da\u00f1inos.<\/p>\n<p>GEFF SPORT no se responsabiliza de los da\u00f1os producidos en los equipos inform\u00e1ticos de los Usuarios o de terceros durante la prestaci\u00f3n del servicio del Portal.<\/p>\n<p>GEFF SPORT est\u00e1 a disposici\u00f3n de todos los Usuarios para mejorar los contenidos y servicios del Portal. Si tiene alguna sugerencia o propuesta, no dude en contactar con nosotros por correo electr\u00f3nico a la direcci\u00f3n\u00a0<a href=\"mailto:info@geffsport.com\">info@geffsport.com<\/a><\/p>\n<p><strong>6.- LITIGIOS EN L\u00cdNEA:<\/strong><\/p>\n<p>De acuerdo con lo dispuesto en el Art. 14.1 del Reglamento (UE) 524\/2013, se pone a disposici\u00f3n de los consumidores el siguiente enlace electr\u00f3nico a la plataforma de resoluci\u00f3n de litigios en l\u00ednea:<\/p>\n<p><a href=\"http:\/\/ec.europa.eu\/consumers\/odr\/\">http:\/\/ec.europa.eu\/consumers\/odr\/<\/a><\/p>\n<p><strong>7.- LEY APLICABLE Y JURISDICCI\u00d3N:<\/strong><\/p>\n<p>Las presentes Condiciones Generales se interpretar\u00e1n y regir\u00e1n de conformidad con la legislaci\u00f3n espa\u00f1ola.<\/p>\n<p>Para cualquier cuesti\u00f3n litigiosa derivada de la existencia, acceso, utilizaci\u00f3n o contenido de las Condiciones Generales, tanto el Usuario como GEFF SPORT con renuncia expresa a cualquier otro fuero que pudiera corresponderles, se someten a la jurisdicci\u00f3n y competencia exclusiva de los Juzgados y Tribunales del domicilio del consumidor de conformidad con lo dispuesto en el art. 90.2 del RDL 1\/2007, de 16 de noviembre, por el que se aprueba el texto refundido de la Ley General para la Defensa de los Consumidores y Usuarios y otras leyes complementarias.<\/p>\n","protected":false},"excerpt":{"rendered":"<p>GEFF SPORT S.L. (en adelante, GEFF SPORT), provista de CIF n\u00ba B-45737053, con domicilio en Calle Salinas, 34 \u2013 P.I. Los Albardiales \u2013 45340 Ont\u00edgola (Toledo), e inscrita en el Registro Mercantil de Toledo, Tomo 1.501, Folio 157, Hoja TO-31841, informa de las disposiciones que regulan el acceso y uso de esta p\u00e1gina web (en [&hellip;]<\/p>\n","protected":false},"author":1,"featured_media":0,"parent":0,"menu_order":0,"comment_status":"closed","ping_status":"closed","template":"","meta":{"content-type":"","footnotes":""},"class_list":["post-2122","page","type-page","status-publish","hentry"],"yoast_head":"<!-- This site is optimized with the Yoast SEO plugin v27.3 - https:\/\/yoast.com\/product\/yoast-seo-wordpress\/ -->\n<title>Legal - GEFF Sport<\/title>\n<meta name=\"robots\" content=\"index, follow, max-snippet:-1, max-image-preview:large, max-video-preview:-1\" \/>\n<link rel=\"canonical\" href=\"https:\/\/geffsport.com\/nl\/legal\/\" \/>\n<meta property=\"og:locale\" content=\"nl_NL\" \/>\n<meta property=\"og:type\" content=\"article\" \/>\n<meta property=\"og:title\" content=\"Legal - GEFF Sport\" \/>\n<meta property=\"og:description\" content=\"GEFF SPORT S.L. (en adelante, GEFF SPORT), provista de CIF n\u00ba B-45737053, con domicilio en Calle Salinas, 34 \u2013 P.I. Los Albardiales \u2013 45340 Ont\u00edgola (Toledo), e inscrita en el Registro Mercantil de Toledo, Tomo 1.501, Folio 157, Hoja TO-31841, informa de las disposiciones que regulan el acceso y uso de esta p\u00e1gina web (en [&hellip;]\" \/>\n<meta property=\"og:url\" content=\"https:\/\/geffsport.com\/nl\/legal\/\" \/>\n<meta property=\"og:site_name\" content=\"GEFF Sport\" \/>\n<meta name=\"twitter:card\" content=\"summary_large_image\" \/>\n<meta name=\"twitter:label1\" content=\"Geschatte leestijd\" \/>\n\t<meta name=\"twitter:data1\" content=\"10 minuten\" \/>\n<script type=\"application\/ld+json\" class=\"yoast-schema-graph\">{\"@context\":\"https:\\\/\\\/schema.org\",\"@graph\":[{\"@type\":\"WebPage\",\"@id\":\"https:\\\/\\\/geffsport.com\\\/nl\\\/legal\\\/\",\"url\":\"https:\\\/\\\/geffsport.com\\\/nl\\\/legal\\\/\",\"name\":\"Legal - GEFF Sport\",\"isPartOf\":{\"@id\":\"https:\\\/\\\/geffsport.com\\\/es\\\/#website\"},\"datePublished\":\"2020-12-05T11:32:55+00:00\",\"breadcrumb\":{\"@id\":\"https:\\\/\\\/geffsport.com\\\/nl\\\/legal\\\/#breadcrumb\"},\"inLanguage\":\"nl-NL\",\"potentialAction\":[{\"@type\":\"ReadAction\",\"target\":[\"https:\\\/\\\/geffsport.com\\\/nl\\\/legal\\\/\"]}]},{\"@type\":\"BreadcrumbList\",\"@id\":\"https:\\\/\\\/geffsport.com\\\/nl\\\/legal\\\/#breadcrumb\",\"itemListElement\":[{\"@type\":\"ListItem\",\"position\":1,\"name\":\"Portada\",\"item\":\"https:\\\/\\\/geffsport.com\\\/nl\\\/\"},{\"@type\":\"ListItem\",\"position\":2,\"name\":\"Legal\"}]},{\"@type\":\"WebSite\",\"@id\":\"https:\\\/\\\/geffsport.com\\\/es\\\/#website\",\"url\":\"https:\\\/\\\/geffsport.com\\\/es\\\/\",\"name\":\"GEFF Sport\",\"description\":\"A new concept in Sports Teamwear\",\"publisher\":{\"@id\":\"https:\\\/\\\/geffsport.com\\\/es\\\/#organization\"},\"potentialAction\":[{\"@type\":\"SearchAction\",\"target\":{\"@type\":\"EntryPoint\",\"urlTemplate\":\"https:\\\/\\\/geffsport.com\\\/es\\\/?s={search_term_string}\"},\"query-input\":{\"@type\":\"PropertyValueSpecification\",\"valueRequired\":true,\"valueName\":\"search_term_string\"}}],\"inLanguage\":\"nl-NL\"},{\"@type\":\"Organization\",\"@id\":\"https:\\\/\\\/geffsport.com\\\/es\\\/#organization\",\"name\":\"GEFF Sport\",\"url\":\"https:\\\/\\\/geffsport.com\\\/es\\\/\",\"logo\":{\"@type\":\"ImageObject\",\"inLanguage\":\"nl-NL\",\"@id\":\"https:\\\/\\\/geffsport.com\\\/es\\\/#\\\/schema\\\/logo\\\/image\\\/\",\"url\":\"https:\\\/\\\/geffsport.com\\\/wp-content\\\/uploads\\\/2024\\\/04\\\/geff-sport-logo-equipaciones-deportivas-2048x743-1-e1714455173661.png\",\"contentUrl\":\"https:\\\/\\\/geffsport.com\\\/wp-content\\\/uploads\\\/2024\\\/04\\\/geff-sport-logo-equipaciones-deportivas-2048x743-1-e1714455173661.png\",\"width\":2048,\"height\":743,\"caption\":\"GEFF Sport\"},\"image\":{\"@id\":\"https:\\\/\\\/geffsport.com\\\/es\\\/#\\\/schema\\\/logo\\\/image\\\/\"}}]}<\/script>\n<!-- \/ Yoast SEO plugin. -->","yoast_head_json":{"title":"Legal - GEFF Sport","robots":{"index":"index","follow":"follow","max-snippet":"max-snippet:-1","max-image-preview":"max-image-preview:large","max-video-preview":"max-video-preview:-1"},"canonical":"https:\/\/geffsport.com\/nl\/legal\/","og_locale":"nl_NL","og_type":"article","og_title":"Legal - GEFF Sport","og_description":"GEFF SPORT S.L. (en adelante, GEFF SPORT), provista de CIF n\u00ba B-45737053, con domicilio en Calle Salinas, 34 \u2013 P.I. Los Albardiales \u2013 45340 Ont\u00edgola (Toledo), e inscrita en el Registro Mercantil de Toledo, Tomo 1.501, Folio 157, Hoja TO-31841, informa de las disposiciones que regulan el acceso y uso de esta p\u00e1gina web (en [&hellip;]","og_url":"https:\/\/geffsport.com\/nl\/legal\/","og_site_name":"GEFF Sport","twitter_card":"summary_large_image","twitter_misc":{"Geschatte leestijd":"10 minuten"},"schema":{"@context":"https:\/\/schema.org","@graph":[{"@type":"WebPage","@id":"https:\/\/geffsport.com\/nl\/legal\/","url":"https:\/\/geffsport.com\/nl\/legal\/","name":"Legal - GEFF Sport","isPartOf":{"@id":"https:\/\/geffsport.com\/es\/#website"},"datePublished":"2020-12-05T11:32:55+00:00","breadcrumb":{"@id":"https:\/\/geffsport.com\/nl\/legal\/#breadcrumb"},"inLanguage":"nl-NL","potentialAction":[{"@type":"ReadAction","target":["https:\/\/geffsport.com\/nl\/legal\/"]}]},{"@type":"BreadcrumbList","@id":"https:\/\/geffsport.com\/nl\/legal\/#breadcrumb","itemListElement":[{"@type":"ListItem","position":1,"name":"Portada","item":"https:\/\/geffsport.com\/nl\/"},{"@type":"ListItem","position":2,"name":"Legal"}]},{"@type":"WebSite","@id":"https:\/\/geffsport.com\/es\/#website","url":"https:\/\/geffsport.com\/es\/","name":"GEFF Sport","description":"A new concept in Sports Teamwear","publisher":{"@id":"https:\/\/geffsport.com\/es\/#organization"},"potentialAction":[{"@type":"SearchAction","target":{"@type":"EntryPoint","urlTemplate":"https:\/\/geffsport.com\/es\/?s={search_term_string}"},"query-input":{"@type":"PropertyValueSpecification","valueRequired":true,"valueName":"search_term_string"}}],"inLanguage":"nl-NL"},{"@type":"Organization","@id":"https:\/\/geffsport.com\/es\/#organization","name":"GEFF Sport","url":"https:\/\/geffsport.com\/es\/","logo":{"@type":"ImageObject","inLanguage":"nl-NL","@id":"https:\/\/geffsport.com\/es\/#\/schema\/logo\/image\/","url":"https:\/\/geffsport.com\/wp-content\/uploads\/2024\/04\/geff-sport-logo-equipaciones-deportivas-2048x743-1-e1714455173661.png","contentUrl":"https:\/\/geffsport.com\/wp-content\/uploads\/2024\/04\/geff-sport-logo-equipaciones-deportivas-2048x743-1-e1714455173661.png","width":2048,"height":743,"caption":"GEFF Sport"},"image":{"@id":"https:\/\/geffsport.com\/es\/#\/schema\/logo\/image\/"}}]}},"_links":{"self":[{"href":"https:\/\/geffsport.com\/nl\/wp-json\/wp\/v2\/pages\/2122","targetHints":{"allow":["GET"]}}],"collection":[{"href":"https:\/\/geffsport.com\/nl\/wp-json\/wp\/v2\/pages"}],"about":[{"href":"https:\/\/geffsport.com\/nl\/wp-json\/wp\/v2\/types\/page"}],"author":[{"embeddable":true,"href":"https:\/\/geffsport.com\/nl\/wp-json\/wp\/v2\/users\/1"}],"replies":[{"embeddable":true,"href":"https:\/\/geffsport.com\/nl\/wp-json\/wp\/v2\/comments?post=2122"}],"version-history":[{"count":0,"href":"https:\/\/geffsport.com\/nl\/wp-json\/wp\/v2\/pages\/2122\/revisions"}],"wp:attachment":[{"href":"https:\/\/geffsport.com\/nl\/wp-json\/wp\/v2\/media?parent=2122"}],"curies":[{"name":"wp","href":"https:\/\/api.w.org\/{rel}","templated":true}]}}