{"id":1597,"date":"2020-11-11T07:45:07","date_gmt":"2020-11-11T07:45:07","guid":{"rendered":"https:\/\/geffsport.com\/?page_id=1597"},"modified":"2020-12-05T11:41:00","modified_gmt":"2020-12-05T11:41:00","slug":"politica-privacidad","status":"publish","type":"page","link":"https:\/\/geffsport.com\/nl\/politica-privacidad\/","title":{"rendered":"Pol\u00edtica de privacidad"},"content":{"rendered":"<h2>1. Pol\u00edtica de privacidad<\/h2>\n<p>GEFF A informa a los usuarios del sitio web sobre su pol\u00edtica respecto del tratamiento y protecci\u00f3n de los datos de car\u00e1cter personal de los usuarios y clientes que puedan ser recabados por la navegaci\u00f3n o contrataci\u00f3n de servicios a trav\u00e9s de su sitio web. En este sentido, GEFF garantiza el cumplimiento de la normativa vigente en materia de protecci\u00f3n de datos personales, reflejada en la Ley Org\u00e1nica 15\/1999 de 13 de diciembre, de Protecci\u00f3n de Datos de Car\u00e1cter Personal y en el Real Decreto 1720\/2007, de 21 diciembre, por el que se aprueba el Reglamento de Desarrollo de la LOPD. El uso de esta web implica la aceptaci\u00f3n de esta pol\u00edtica de privacidad.<\/p>\n<h2>2. Recogida, finalidad y tratamientos de datos<\/h2>\n<p>GEFF tiene el deber de informar a los usuarios de su sitio web acerca de la recogida de datos de car\u00e1cter personal que pueden llevarse a cabo, bien sea mediante el env\u00edo de correo electr\u00f3nico o al cumplimentar los formularios incluidos en el sitio web. En este sentido, GEFF ser\u00e1 considerada como responsable de los datos recabados mediante los medios anteriormente descritos. A su vez GEFF informa a los usuarios de que la finalidad del tratamiento de los datos recabados contempla: La atenci\u00f3n de solicitudes realizadas por los usuarios, la inclusi\u00f3n en la agenda de contactos, la prestaci\u00f3n de servicios, la gesti\u00f3n de la relaci\u00f3n comercial, las operaciones, gestiones y procedimientos t\u00e9cnicos que se realicen de forma automatizada o no automatizada y que posibiliten la recogida, el almacenamiento, la modificaci\u00f3n, la transferencia y otras acciones sobre datos de car\u00e1cter personal, tienen la consideraci\u00f3n de tratamiento de datos personales. Todos los datos personales, que sean recogidos a trav\u00e9s del sitio web de GEFF, y por tanto tenga la consideraci\u00f3n de tratamiento de datos de car\u00e1cter personal, ser\u00e1n incorporados en los ficheros declarados ante la Agencia Espa\u00f1ola de Protecci\u00f3n de Datos por GEFF.<\/p>\n<h2>3. Comunicaci\u00f3n de informaci\u00f3n a terceros<\/h2>\n<p>GEFF informa a los usuarios de que sus datos personales no ser\u00e1n cedidos a terceras organizaciones, con la salvedad de que dicha cesi\u00f3n de datos este amparada en una obligaci\u00f3n legal o cuando la prestaci\u00f3n de un servicio implique la necesidad de una relaci\u00f3n contractual con un encargado de tratamiento. En este \u00faltimo caso, solo se llevar\u00e1 a cabo la cesi\u00f3n de datos al tercero cuando GEFF disponga del consentimiento expreso del usuario.<\/p>\n<h2>4. Derechos de los usuarios<\/h2>\n<p>La Ley Org\u00e1nica 15\/1999, de 13 de diciembre, de Protecci\u00f3n de Datos de Car\u00e1cter Personal concede a los interesados la posibilidad de ejercer una serie de derechos relacionados con el tratamiento de sus datos personales. En tanto en cuanto los datos del usuario son objeto de tratamiento por parte de GEFF. Los usuarios podr\u00e1n ejercer los derechos de acceso, rectificaci\u00f3n, cancelaci\u00f3n y oposici\u00f3n de acuerdo con lo previsto en la normativa legal vigente en materia de protecci\u00f3n de datos personales. Para hacer uso del ejercicio de estos derechos, el usuario deber\u00e1 dirigirse mediante comunicaci\u00f3n escrita, aportando documentaci\u00f3n que acredite su identidad (DNI o pasaporte), a la siguiente direcci\u00f3n: GEFF SPORT, Salinas 34 (Pol. Ind. Los Albardiales) 45340 Ont\u00edgola Toledo. Dicha comunicaci\u00f3n deber\u00e1 reflejar la siguiente informaci\u00f3n: Nombre y apellidos del usuario, la petici\u00f3n de solicitud, el domicilio y los datos acreditativos. El ejercicio de derechos deber\u00e1 ser realizado por el propio usuario. No obstante, podr\u00e1n ser ejecutados por una persona autorizada como representante legal del autorizado. En tal caso, se deber\u00e1 aportar la documentaci\u00f3n que acredite esta representaci\u00f3n del interesado.<\/p>\n","protected":false},"excerpt":{"rendered":"<p>1. Pol\u00edtica de privacidad GEFF A informa a los usuarios del sitio web sobre su pol\u00edtica respecto del tratamiento y protecci\u00f3n de los datos de car\u00e1cter personal de los usuarios y clientes que puedan ser recabados por la navegaci\u00f3n o contrataci\u00f3n de servicios a trav\u00e9s de su sitio web. En este sentido, GEFF garantiza el [&hellip;]<\/p>\n","protected":false},"author":1,"featured_media":0,"parent":0,"menu_order":0,"comment_status":"closed","ping_status":"open","template":"","meta":{"content-type":"","footnotes":""},"class_list":["post-1597","page","type-page","status-publish","hentry"],"yoast_head":"<!-- This site is optimized with the Yoast SEO plugin v27.3 - https:\/\/yoast.com\/product\/yoast-seo-wordpress\/ -->\n<title>Pol\u00edtica de privacidad - GEFF Sport<\/title>\n<meta name=\"robots\" content=\"index, follow, max-snippet:-1, max-image-preview:large, max-video-preview:-1\" \/>\n<link rel=\"canonical\" href=\"https:\/\/geffsport.com\/nl\/politica-privacidad\/\" \/>\n<meta property=\"og:locale\" content=\"nl_NL\" \/>\n<meta property=\"og:type\" content=\"article\" \/>\n<meta property=\"og:title\" content=\"Pol\u00edtica de privacidad - GEFF Sport\" \/>\n<meta property=\"og:description\" content=\"1. Pol\u00edtica de privacidad GEFF A informa a los usuarios del sitio web sobre su pol\u00edtica respecto del tratamiento y protecci\u00f3n de los datos de car\u00e1cter personal de los usuarios y clientes que puedan ser recabados por la navegaci\u00f3n o contrataci\u00f3n de servicios a trav\u00e9s de su sitio web. En este sentido, GEFF garantiza el [&hellip;]\" \/>\n<meta property=\"og:url\" content=\"https:\/\/geffsport.com\/nl\/politica-privacidad\/\" \/>\n<meta property=\"og:site_name\" content=\"GEFF Sport\" \/>\n<meta property=\"article:modified_time\" content=\"2020-12-05T11:41:00+00:00\" \/>\n<meta name=\"twitter:card\" content=\"summary_large_image\" \/>\n<meta name=\"twitter:label1\" content=\"Geschatte leestijd\" \/>\n\t<meta name=\"twitter:data1\" content=\"3 minuten\" \/>\n<script type=\"application\/ld+json\" class=\"yoast-schema-graph\">{\"@context\":\"https:\\\/\\\/schema.org\",\"@graph\":[{\"@type\":\"WebPage\",\"@id\":\"https:\\\/\\\/geffsport.com\\\/nl\\\/politica-privacidad\\\/\",\"url\":\"https:\\\/\\\/geffsport.com\\\/nl\\\/politica-privacidad\\\/\",\"name\":\"Pol\u00edtica de privacidad - GEFF Sport\",\"isPartOf\":{\"@id\":\"https:\\\/\\\/geffsport.com\\\/es\\\/#website\"},\"datePublished\":\"2020-11-11T07:45:07+00:00\",\"dateModified\":\"2020-12-05T11:41:00+00:00\",\"breadcrumb\":{\"@id\":\"https:\\\/\\\/geffsport.com\\\/nl\\\/politica-privacidad\\\/#breadcrumb\"},\"inLanguage\":\"nl-NL\",\"potentialAction\":[{\"@type\":\"ReadAction\",\"target\":[\"https:\\\/\\\/geffsport.com\\\/nl\\\/politica-privacidad\\\/\"]}]},{\"@type\":\"BreadcrumbList\",\"@id\":\"https:\\\/\\\/geffsport.com\\\/nl\\\/politica-privacidad\\\/#breadcrumb\",\"itemListElement\":[{\"@type\":\"ListItem\",\"position\":1,\"name\":\"Portada\",\"item\":\"https:\\\/\\\/geffsport.com\\\/nl\\\/\"},{\"@type\":\"ListItem\",\"position\":2,\"name\":\"Pol\u00edtica de privacidad\"}]},{\"@type\":\"WebSite\",\"@id\":\"https:\\\/\\\/geffsport.com\\\/es\\\/#website\",\"url\":\"https:\\\/\\\/geffsport.com\\\/es\\\/\",\"name\":\"GEFF Sport\",\"description\":\"A new concept in Sports Teamwear\",\"publisher\":{\"@id\":\"https:\\\/\\\/geffsport.com\\\/es\\\/#organization\"},\"potentialAction\":[{\"@type\":\"SearchAction\",\"target\":{\"@type\":\"EntryPoint\",\"urlTemplate\":\"https:\\\/\\\/geffsport.com\\\/es\\\/?s={search_term_string}\"},\"query-input\":{\"@type\":\"PropertyValueSpecification\",\"valueRequired\":true,\"valueName\":\"search_term_string\"}}],\"inLanguage\":\"nl-NL\"},{\"@type\":\"Organization\",\"@id\":\"https:\\\/\\\/geffsport.com\\\/es\\\/#organization\",\"name\":\"GEFF Sport\",\"url\":\"https:\\\/\\\/geffsport.com\\\/es\\\/\",\"logo\":{\"@type\":\"ImageObject\",\"inLanguage\":\"nl-NL\",\"@id\":\"https:\\\/\\\/geffsport.com\\\/es\\\/#\\\/schema\\\/logo\\\/image\\\/\",\"url\":\"https:\\\/\\\/geffsport.com\\\/wp-content\\\/uploads\\\/2024\\\/04\\\/geff-sport-logo-equipaciones-deportivas-2048x743-1-e1714455173661.png\",\"contentUrl\":\"https:\\\/\\\/geffsport.com\\\/wp-content\\\/uploads\\\/2024\\\/04\\\/geff-sport-logo-equipaciones-deportivas-2048x743-1-e1714455173661.png\",\"width\":2048,\"height\":743,\"caption\":\"GEFF Sport\"},\"image\":{\"@id\":\"https:\\\/\\\/geffsport.com\\\/es\\\/#\\\/schema\\\/logo\\\/image\\\/\"}}]}<\/script>\n<!-- \/ Yoast SEO plugin. -->","yoast_head_json":{"title":"Pol\u00edtica de privacidad - GEFF Sport","robots":{"index":"index","follow":"follow","max-snippet":"max-snippet:-1","max-image-preview":"max-image-preview:large","max-video-preview":"max-video-preview:-1"},"canonical":"https:\/\/geffsport.com\/nl\/politica-privacidad\/","og_locale":"nl_NL","og_type":"article","og_title":"Pol\u00edtica de privacidad - GEFF Sport","og_description":"1. Pol\u00edtica de privacidad GEFF A informa a los usuarios del sitio web sobre su pol\u00edtica respecto del tratamiento y protecci\u00f3n de los datos de car\u00e1cter personal de los usuarios y clientes que puedan ser recabados por la navegaci\u00f3n o contrataci\u00f3n de servicios a trav\u00e9s de su sitio web. En este sentido, GEFF garantiza el [&hellip;]","og_url":"https:\/\/geffsport.com\/nl\/politica-privacidad\/","og_site_name":"GEFF Sport","article_modified_time":"2020-12-05T11:41:00+00:00","twitter_card":"summary_large_image","twitter_misc":{"Geschatte leestijd":"3 minuten"},"schema":{"@context":"https:\/\/schema.org","@graph":[{"@type":"WebPage","@id":"https:\/\/geffsport.com\/nl\/politica-privacidad\/","url":"https:\/\/geffsport.com\/nl\/politica-privacidad\/","name":"Pol\u00edtica de privacidad - GEFF Sport","isPartOf":{"@id":"https:\/\/geffsport.com\/es\/#website"},"datePublished":"2020-11-11T07:45:07+00:00","dateModified":"2020-12-05T11:41:00+00:00","breadcrumb":{"@id":"https:\/\/geffsport.com\/nl\/politica-privacidad\/#breadcrumb"},"inLanguage":"nl-NL","potentialAction":[{"@type":"ReadAction","target":["https:\/\/geffsport.com\/nl\/politica-privacidad\/"]}]},{"@type":"BreadcrumbList","@id":"https:\/\/geffsport.com\/nl\/politica-privacidad\/#breadcrumb","itemListElement":[{"@type":"ListItem","position":1,"name":"Portada","item":"https:\/\/geffsport.com\/nl\/"},{"@type":"ListItem","position":2,"name":"Pol\u00edtica de privacidad"}]},{"@type":"WebSite","@id":"https:\/\/geffsport.com\/es\/#website","url":"https:\/\/geffsport.com\/es\/","name":"GEFF Sport","description":"A new concept in Sports Teamwear","publisher":{"@id":"https:\/\/geffsport.com\/es\/#organization"},"potentialAction":[{"@type":"SearchAction","target":{"@type":"EntryPoint","urlTemplate":"https:\/\/geffsport.com\/es\/?s={search_term_string}"},"query-input":{"@type":"PropertyValueSpecification","valueRequired":true,"valueName":"search_term_string"}}],"inLanguage":"nl-NL"},{"@type":"Organization","@id":"https:\/\/geffsport.com\/es\/#organization","name":"GEFF Sport","url":"https:\/\/geffsport.com\/es\/","logo":{"@type":"ImageObject","inLanguage":"nl-NL","@id":"https:\/\/geffsport.com\/es\/#\/schema\/logo\/image\/","url":"https:\/\/geffsport.com\/wp-content\/uploads\/2024\/04\/geff-sport-logo-equipaciones-deportivas-2048x743-1-e1714455173661.png","contentUrl":"https:\/\/geffsport.com\/wp-content\/uploads\/2024\/04\/geff-sport-logo-equipaciones-deportivas-2048x743-1-e1714455173661.png","width":2048,"height":743,"caption":"GEFF Sport"},"image":{"@id":"https:\/\/geffsport.com\/es\/#\/schema\/logo\/image\/"}}]}},"_links":{"self":[{"href":"https:\/\/geffsport.com\/nl\/wp-json\/wp\/v2\/pages\/1597","targetHints":{"allow":["GET"]}}],"collection":[{"href":"https:\/\/geffsport.com\/nl\/wp-json\/wp\/v2\/pages"}],"about":[{"href":"https:\/\/geffsport.com\/nl\/wp-json\/wp\/v2\/types\/page"}],"author":[{"embeddable":true,"href":"https:\/\/geffsport.com\/nl\/wp-json\/wp\/v2\/users\/1"}],"replies":[{"embeddable":true,"href":"https:\/\/geffsport.com\/nl\/wp-json\/wp\/v2\/comments?post=1597"}],"version-history":[{"count":0,"href":"https:\/\/geffsport.com\/nl\/wp-json\/wp\/v2\/pages\/1597\/revisions"}],"wp:attachment":[{"href":"https:\/\/geffsport.com\/nl\/wp-json\/wp\/v2\/media?parent=1597"}],"curies":[{"name":"wp","href":"https:\/\/api.w.org\/{rel}","templated":true}]}}