{"id":2138,"date":"2020-12-05T11:42:10","date_gmt":"2020-12-05T11:42:10","guid":{"rendered":"https:\/\/geffsport.com\/cookies\/"},"modified":"2020-12-05T11:42:10","modified_gmt":"2020-12-05T11:42:10","slug":"cookies","status":"publish","type":"page","link":"https:\/\/geffsport.com\/it\/cookies\/","title":{"rendered":"Cookies"},"content":{"rendered":"<h2>\u00bfQu\u00e9 son las cookies y para qu\u00e9 las usamos?<\/h2>\n<p>Una cookie o galleta inform\u00e1tica es un peque\u00f1o archivo de informaci\u00f3n que se guarda en su navegador cada vez que visita nuestra p\u00e1gina web.<\/p>\n<p>La utilidad de las cookies es guardar el historial de su actividad en nuestra p\u00e1gina web, de manera que, cuando la visite nuevamente, \u00e9sta pueda identificarle y configurar el contenido de la misma en base a sus h\u00e1bitos de navegaci\u00f3n, identidad y preferencias.<\/p>\n<p>Una cookie es inofensiva, no contiene c\u00f3digo malicioso o malintencionado (ej. virus, troyanos, gusanos, etc.) que pueda da\u00f1ar su terminal (ordenador, smartphone, tableta, etc.), pero s\u00ed tiene cierto impacto sobre su derecho a la protecci\u00f3n de sus datos, pues recoge determinada informaci\u00f3n concerniente a su persona (h\u00e1bitos de navegaci\u00f3n, identidad, preferencias, etc.).<\/p>\n<h2>\u00bfQu\u00e9 informaci\u00f3n guarda una cookie?<\/h2>\n<p>Las cookies no suelen recoger categor\u00edas especiales de datos personales (datos sensibles). Los datos que guardan son de car\u00e1cter t\u00e9cnico, preferencias personales, personalizaci\u00f3n de contenidos, etc.<\/p>\n<h2>\u00bfQu\u00e9 tipo de cookies existen?<\/h2>\n<p>Con car\u00e1cter general, existen cinco tipos de cookies:<\/p>\n<h4>Cookies t\u00e9cnicas<\/h4>\n<p>Son las cookies m\u00e1s b\u00e1sicas. Permiten al usuario la navegaci\u00f3n a trav\u00e9s de una p\u00e1gina web, plataforma o aplicaci\u00f3n y la utilizaci\u00f3n de las diferentes opciones o servicios que en ella existan como, por ejemplo, controlar el tr\u00e1fico y la comunicaci\u00f3n de datos, identificar la sesi\u00f3n, acceder a partes de acceso restringido, recordar los elementos que integran un pedido, realizar el proceso de compra de un pedido, realizar la solicitud de inscripci\u00f3n o participaci\u00f3n en un evento, utilizar elementos de seguridad durante la navegaci\u00f3n, almacenar contenidos para la difusi\u00f3n de videos o sonido o compartir contenidos a trav\u00e9s de redes sociales<\/p>\n<h4>Cookies de personalizaci\u00f3n<\/h4>\n<p>Son aqu\u00e9llas que permiten al usuario acceder al servicio con algunas caracter\u00edsticas de car\u00e1cter general predefinidas en funci\u00f3n de una serie de criterios en el terminal del usuario como por ejemplo serian el idioma, el tipo de navegador a trav\u00e9s del cual accede al servicio, la configuraci\u00f3n regional desde donde accede al servicio, etc<\/p>\n<h4>Cookies de an\u00e1lisis<\/h4>\n<p>Son aqu\u00e9llas que permiten al responsable de las mismas, el seguimiento y an\u00e1lisis del comportamiento de los usuarios de los sitios web a los que est\u00e1n vinculadas. La informaci\u00f3n recogida mediante este tipo de cookies se utiliza en la medici\u00f3n de la actividad de los sitios web, aplicaci\u00f3n o plataforma y para la elaboraci\u00f3n de perfiles de navegaci\u00f3n de los usuarios de dichos sitios, aplicaciones y plataformas, con el fin de introducir mejoras en funci\u00f3n del an\u00e1lisis de los datos de uso que hacen los usuarios del servicio.<\/p>\n<h4>Cookies publicitarias<\/h4>\n<p>Son aqu\u00e9llas que permiten la gesti\u00f3n, de la forma m\u00e1s eficaz posible, de los espacios publicitarios que, en su caso, el responsable haya incluido en una p\u00e1gina web, aplicaci\u00f3n o plataforma desde la que presta el servicio solicitado en base a criterios como el contenido editado o la frecuencia en la que se muestran los anuncios.<\/p>\n<h4>Cookies de publicidad comportamental<\/h4>\n<p>Son aqu\u00e9llas que permiten la gesti\u00f3n, de la forma m\u00e1s eficaz posible, de los espacios publicitarios que, en su caso, el responsable haya incluido en una p\u00e1gina web, aplicaci\u00f3n o plataforma desde la que presta el servicio solicitado. Estas cookies almacenan informaci\u00f3n del comportamiento de los usuarios obtenida a trav\u00e9s de la observaci\u00f3n continuada de sus h\u00e1bitos de navegaci\u00f3n, lo que permite desarrollar un perfil espec\u00edfico para mostrar publicidad en funci\u00f3n del mismo.<\/p>\n<h2>\u00bfQu\u00e9 son las cookies propias y las de terceros?<\/h2>\n<h4>Cookies de propias<\/h4>\n<p>Las cookies propias son aquellas que se generan y gestionan por el propio responsable que presta el servicio solicitado por el usuario.<\/p>\n<h4>Cookies de terceros<\/h4>\n<p>Son aquellas que se generan por otras entidades distintas al propio responsable (servicios o proveedores externos, como por ejemplo Google).<\/p>\n<h4>\u00bfQu\u00e9 tipo de cookies guarda nuestra p\u00e1gina web?<\/h4>\n<p>A continuaci\u00f3n, procedemos a relacionar el tipo de cookies que guarda nuestra p\u00e1gina web y la finalidad de las mismas:<\/p>\n<h4>\u00bfQu\u00e9 puedo hacer con las cookies?<\/h4>\n<p>Las cookies pueden ser borradas, aceptadas o bloqueadas, seg\u00fan desee, para esto s\u00f3lo debe configurar convenientemente el navegador web. En cualquier momento, puede impedir la instalaci\u00f3n de cookies (bloqueo) en su equipo mediante la opci\u00f3n correspondiente de su navegador, pero en dicho caso no podremos asegurarle el correcto funcionamiento de las distintas funcionalidades de nuestra p\u00e1gina web.<\/p>\n<p>A continuaci\u00f3n, le facilitamos los enlaces para la gesti\u00f3n y bloqueo de cookies dependiendo del navegador que utilice:<\/p>\n<p>Internet Explorer: http:\/\/windows.microsoft.com\/es-xl\/internet-explorer\/delete-manage-cookies#ie=ie-10<br \/>\nFireFox: http:\/\/support.mozilla.org\/es\/kb\/habilitar-y-deshabilitar-cookies-que-los-sitios-we<br \/>\nChrome: https:\/\/support.google.com\/chrome\/answer\/95647?hl=es<br \/>\nSafari: https:\/\/www.apple.com\/legal\/privacy\/es\/cookies\/<\/p>\n<p>Tambi\u00e9n puede borrar las cookies que tenga guardadas en su navegador acudiendo a las opciones de configuraci\u00f3n del mismo.<\/p>\n","protected":false},"excerpt":{"rendered":"<p>\u00bfQu\u00e9 son las cookies y para qu\u00e9 las usamos? Una cookie o galleta inform\u00e1tica es un peque\u00f1o archivo de informaci\u00f3n que se guarda en su navegador cada vez que visita nuestra p\u00e1gina web. La utilidad de las cookies es guardar el historial de su actividad en nuestra p\u00e1gina web, de manera que, cuando la visite [&hellip;]<\/p>\n","protected":false},"author":1,"featured_media":0,"parent":0,"menu_order":0,"comment_status":"closed","ping_status":"closed","template":"","meta":{"content-type":"","footnotes":""},"class_list":["post-2138","page","type-page","status-publish","hentry"],"yoast_head":"<!-- This site is optimized with the Yoast SEO plugin v27.3 - https:\/\/yoast.com\/product\/yoast-seo-wordpress\/ -->\n<title>Cookies - GEFF Sport<\/title>\n<meta name=\"robots\" content=\"index, follow, max-snippet:-1, max-image-preview:large, max-video-preview:-1\" \/>\n<link rel=\"canonical\" href=\"https:\/\/geffsport.com\/it\/cookies\/\" \/>\n<meta property=\"og:locale\" content=\"it_IT\" \/>\n<meta property=\"og:type\" content=\"article\" \/>\n<meta property=\"og:title\" content=\"Cookies - GEFF Sport\" \/>\n<meta property=\"og:description\" content=\"\u00bfQu\u00e9 son las cookies y para qu\u00e9 las usamos? Una cookie o galleta inform\u00e1tica es un peque\u00f1o archivo de informaci\u00f3n que se guarda en su navegador cada vez que visita nuestra p\u00e1gina web. La utilidad de las cookies es guardar el historial de su actividad en nuestra p\u00e1gina web, de manera que, cuando la visite [&hellip;]\" \/>\n<meta property=\"og:url\" content=\"https:\/\/geffsport.com\/it\/cookies\/\" \/>\n<meta property=\"og:site_name\" content=\"GEFF Sport\" \/>\n<meta name=\"twitter:card\" content=\"summary_large_image\" \/>\n<meta name=\"twitter:label1\" content=\"Tempo di lettura stimato\" \/>\n\t<meta name=\"twitter:data1\" content=\"4 minuti\" \/>\n<script type=\"application\/ld+json\" class=\"yoast-schema-graph\">{\"@context\":\"https:\\\/\\\/schema.org\",\"@graph\":[{\"@type\":\"WebPage\",\"@id\":\"https:\\\/\\\/geffsport.com\\\/it\\\/cookies\\\/\",\"url\":\"https:\\\/\\\/geffsport.com\\\/it\\\/cookies\\\/\",\"name\":\"Cookies - GEFF Sport\",\"isPartOf\":{\"@id\":\"https:\\\/\\\/geffsport.com\\\/es\\\/#website\"},\"datePublished\":\"2020-12-05T11:42:10+00:00\",\"breadcrumb\":{\"@id\":\"https:\\\/\\\/geffsport.com\\\/it\\\/cookies\\\/#breadcrumb\"},\"inLanguage\":\"it-IT\",\"potentialAction\":[{\"@type\":\"ReadAction\",\"target\":[\"https:\\\/\\\/geffsport.com\\\/it\\\/cookies\\\/\"]}]},{\"@type\":\"BreadcrumbList\",\"@id\":\"https:\\\/\\\/geffsport.com\\\/it\\\/cookies\\\/#breadcrumb\",\"itemListElement\":[{\"@type\":\"ListItem\",\"position\":1,\"name\":\"Portada\",\"item\":\"https:\\\/\\\/geffsport.com\\\/it\\\/\"},{\"@type\":\"ListItem\",\"position\":2,\"name\":\"Cookies\"}]},{\"@type\":\"WebSite\",\"@id\":\"https:\\\/\\\/geffsport.com\\\/es\\\/#website\",\"url\":\"https:\\\/\\\/geffsport.com\\\/es\\\/\",\"name\":\"GEFF Sport\",\"description\":\"A new concept in Sports Teamwear\",\"publisher\":{\"@id\":\"https:\\\/\\\/geffsport.com\\\/es\\\/#organization\"},\"potentialAction\":[{\"@type\":\"SearchAction\",\"target\":{\"@type\":\"EntryPoint\",\"urlTemplate\":\"https:\\\/\\\/geffsport.com\\\/es\\\/?s={search_term_string}\"},\"query-input\":{\"@type\":\"PropertyValueSpecification\",\"valueRequired\":true,\"valueName\":\"search_term_string\"}}],\"inLanguage\":\"it-IT\"},{\"@type\":\"Organization\",\"@id\":\"https:\\\/\\\/geffsport.com\\\/es\\\/#organization\",\"name\":\"GEFF Sport\",\"url\":\"https:\\\/\\\/geffsport.com\\\/es\\\/\",\"logo\":{\"@type\":\"ImageObject\",\"inLanguage\":\"it-IT\",\"@id\":\"https:\\\/\\\/geffsport.com\\\/es\\\/#\\\/schema\\\/logo\\\/image\\\/\",\"url\":\"https:\\\/\\\/geffsport.com\\\/wp-content\\\/uploads\\\/2024\\\/04\\\/geff-sport-logo-equipaciones-deportivas-2048x743-1-e1714455173661.png\",\"contentUrl\":\"https:\\\/\\\/geffsport.com\\\/wp-content\\\/uploads\\\/2024\\\/04\\\/geff-sport-logo-equipaciones-deportivas-2048x743-1-e1714455173661.png\",\"width\":2048,\"height\":743,\"caption\":\"GEFF Sport\"},\"image\":{\"@id\":\"https:\\\/\\\/geffsport.com\\\/es\\\/#\\\/schema\\\/logo\\\/image\\\/\"}}]}<\/script>\n<!-- \/ Yoast SEO plugin. -->","yoast_head_json":{"title":"Cookies - GEFF Sport","robots":{"index":"index","follow":"follow","max-snippet":"max-snippet:-1","max-image-preview":"max-image-preview:large","max-video-preview":"max-video-preview:-1"},"canonical":"https:\/\/geffsport.com\/it\/cookies\/","og_locale":"it_IT","og_type":"article","og_title":"Cookies - GEFF Sport","og_description":"\u00bfQu\u00e9 son las cookies y para qu\u00e9 las usamos? Una cookie o galleta inform\u00e1tica es un peque\u00f1o archivo de informaci\u00f3n que se guarda en su navegador cada vez que visita nuestra p\u00e1gina web. La utilidad de las cookies es guardar el historial de su actividad en nuestra p\u00e1gina web, de manera que, cuando la visite [&hellip;]","og_url":"https:\/\/geffsport.com\/it\/cookies\/","og_site_name":"GEFF Sport","twitter_card":"summary_large_image","twitter_misc":{"Tempo di lettura stimato":"4 minuti"},"schema":{"@context":"https:\/\/schema.org","@graph":[{"@type":"WebPage","@id":"https:\/\/geffsport.com\/it\/cookies\/","url":"https:\/\/geffsport.com\/it\/cookies\/","name":"Cookies - GEFF Sport","isPartOf":{"@id":"https:\/\/geffsport.com\/es\/#website"},"datePublished":"2020-12-05T11:42:10+00:00","breadcrumb":{"@id":"https:\/\/geffsport.com\/it\/cookies\/#breadcrumb"},"inLanguage":"it-IT","potentialAction":[{"@type":"ReadAction","target":["https:\/\/geffsport.com\/it\/cookies\/"]}]},{"@type":"BreadcrumbList","@id":"https:\/\/geffsport.com\/it\/cookies\/#breadcrumb","itemListElement":[{"@type":"ListItem","position":1,"name":"Portada","item":"https:\/\/geffsport.com\/it\/"},{"@type":"ListItem","position":2,"name":"Cookies"}]},{"@type":"WebSite","@id":"https:\/\/geffsport.com\/es\/#website","url":"https:\/\/geffsport.com\/es\/","name":"GEFF Sport","description":"A new concept in Sports Teamwear","publisher":{"@id":"https:\/\/geffsport.com\/es\/#organization"},"potentialAction":[{"@type":"SearchAction","target":{"@type":"EntryPoint","urlTemplate":"https:\/\/geffsport.com\/es\/?s={search_term_string}"},"query-input":{"@type":"PropertyValueSpecification","valueRequired":true,"valueName":"search_term_string"}}],"inLanguage":"it-IT"},{"@type":"Organization","@id":"https:\/\/geffsport.com\/es\/#organization","name":"GEFF Sport","url":"https:\/\/geffsport.com\/es\/","logo":{"@type":"ImageObject","inLanguage":"it-IT","@id":"https:\/\/geffsport.com\/es\/#\/schema\/logo\/image\/","url":"https:\/\/geffsport.com\/wp-content\/uploads\/2024\/04\/geff-sport-logo-equipaciones-deportivas-2048x743-1-e1714455173661.png","contentUrl":"https:\/\/geffsport.com\/wp-content\/uploads\/2024\/04\/geff-sport-logo-equipaciones-deportivas-2048x743-1-e1714455173661.png","width":2048,"height":743,"caption":"GEFF Sport"},"image":{"@id":"https:\/\/geffsport.com\/es\/#\/schema\/logo\/image\/"}}]}},"_links":{"self":[{"href":"https:\/\/geffsport.com\/it\/wp-json\/wp\/v2\/pages\/2138","targetHints":{"allow":["GET"]}}],"collection":[{"href":"https:\/\/geffsport.com\/it\/wp-json\/wp\/v2\/pages"}],"about":[{"href":"https:\/\/geffsport.com\/it\/wp-json\/wp\/v2\/types\/page"}],"author":[{"embeddable":true,"href":"https:\/\/geffsport.com\/it\/wp-json\/wp\/v2\/users\/1"}],"replies":[{"embeddable":true,"href":"https:\/\/geffsport.com\/it\/wp-json\/wp\/v2\/comments?post=2138"}],"version-history":[{"count":0,"href":"https:\/\/geffsport.com\/it\/wp-json\/wp\/v2\/pages\/2138\/revisions"}],"wp:attachment":[{"href":"https:\/\/geffsport.com\/it\/wp-json\/wp\/v2\/media?parent=2138"}],"curies":[{"name":"wp","href":"https:\/\/api.w.org\/{rel}","templated":true}]}}