{"id":5043,"date":"2022-03-09T15:04:56","date_gmt":"2022-03-09T15:04:56","guid":{"rendered":"https:\/\/geffsport.com\/thank-you-page\/"},"modified":"2022-03-09T18:11:09","modified_gmt":"2022-03-09T18:11:09","slug":"thank-you-page","status":"publish","type":"page","link":"https:\/\/geffsport.com\/fr\/thank-you-page\/","title":{"rendered":"Merci de vous joindre \u00e0 nous"},"content":{"rendered":"\t\t<div data-elementor-type=\"wp-page\" data-elementor-id=\"5043\" class=\"elementor elementor-5043 elementor-5018\" data-elementor-post-type=\"page\">\n\t\t\t\t\t\t<section class=\"elementor-section elementor-top-section elementor-element elementor-element-519c318 elementor-section-boxed elementor-section-height-default elementor-section-height-default\" data-id=\"519c318\" data-element_type=\"section\" data-e-type=\"section\" data-settings=\"{&quot;jet_parallax_layout_list&quot;:[],&quot;background_background&quot;:&quot;classic&quot;}\">\n\t\t\t\t\t\t<div class=\"elementor-container elementor-column-gap-default\">\n\t\t\t\t\t<div class=\"elementor-column elementor-col-33 elementor-top-column elementor-element elementor-element-40550d8\" data-id=\"40550d8\" data-element_type=\"column\" data-e-type=\"column\">\n\t\t\t<div class=\"elementor-widget-wrap elementor-element-populated\">\n\t\t\t\t\t\t<div class=\"elementor-element elementor-element-96dafbf elementor-widget-divider--view-line elementor-widget elementor-widget-divider\" data-id=\"96dafbf\" data-element_type=\"widget\" data-e-type=\"widget\" data-widget_type=\"divider.default\">\n\t\t\t\t\t\t\t<div class=\"elementor-divider\">\n\t\t\t<span class=\"elementor-divider-separator\">\n\t\t\t\t\t\t<\/span>\n\t\t<\/div>\n\t\t\t\t\t\t<\/div>\n\t\t\t\t\t<\/div>\n\t\t<\/div>\n\t\t\t\t<div class=\"elementor-column elementor-col-33 elementor-top-column elementor-element elementor-element-d37d5d2\" data-id=\"d37d5d2\" data-element_type=\"column\" data-e-type=\"column\">\n\t\t\t<div class=\"elementor-widget-wrap elementor-element-populated\">\n\t\t\t\t\t\t<div class=\"elementor-element elementor-element-519bd52 elementor-widget elementor-widget-heading\" data-id=\"519bd52\" data-element_type=\"widget\" data-e-type=\"widget\" data-widget_type=\"heading.default\">\n\t\t\t\t\t<h2 class=\"elementor-heading-title elementor-size-default\">Merci de vous joindre \u00e0 nous.<\/h2>\t\t\t\t<\/div>\n\t\t\t\t<div class=\"elementor-element elementor-element-d44934e elementor-widget elementor-widget-heading\" data-id=\"d44934e\" data-element_type=\"widget\" data-e-type=\"widget\" data-widget_type=\"heading.default\">\n\t\t\t\t\t<h4 class=\"elementor-heading-title elementor-size-default\">L'un de nos repr\u00e9sentants commerciaux vous contactera dans les 24 \u00e0 48 heures ouvrables.<\/h4>\t\t\t\t<\/div>\n\t\t\t\t<div class=\"elementor-element elementor-element-f1dbeff elementor-align-left elementor-widget elementor-widget-button\" data-id=\"f1dbeff\" data-element_type=\"widget\" data-e-type=\"widget\" data-widget_type=\"button.default\">\n\t\t\t\t\t\t\t\t\t\t<a class=\"elementor-button elementor-button-link elementor-size-sm\" href=\"https:\/\/geffsport.com\/articles\/\">\n\t\t\t\t\t\t<span class=\"elementor-button-content-wrapper\">\n\t\t\t\t\t\t\t\t\t<span class=\"elementor-button-text\">Nos produits<\/span>\n\t\t\t\t\t<\/span>\n\t\t\t\t\t<\/a>\n\t\t\t\t\t\t\t\t<\/div>\n\t\t\t\t\t<\/div>\n\t\t<\/div>\n\t\t\t\t<div class=\"elementor-column elementor-col-33 elementor-top-column elementor-element elementor-element-c9cc758\" data-id=\"c9cc758\" data-element_type=\"column\" data-e-type=\"column\">\n\t\t\t<div class=\"elementor-widget-wrap\">\n\t\t\t\t\t\t\t<\/div>\n\t\t<\/div>\n\t\t\t\t\t<\/div>\n\t\t<\/section>\n\t\t\t\t<section class=\"elementor-section elementor-top-section elementor-element elementor-element-8b8ab82 elementor-section-boxed elementor-section-height-default elementor-section-height-default\" data-id=\"8b8ab82\" data-element_type=\"section\" data-e-type=\"section\" data-settings=\"{&quot;jet_parallax_layout_list&quot;:[]}\">\n\t\t\t\t\t\t<div class=\"elementor-container elementor-column-gap-default\">\n\t\t\t\t\t<div class=\"elementor-column elementor-col-100 elementor-top-column elementor-element elementor-element-ff7920e\" data-id=\"ff7920e\" data-element_type=\"column\" data-e-type=\"column\">\n\t\t\t<div class=\"elementor-widget-wrap\">\n\t\t\t\t\t\t\t<\/div>\n\t\t<\/div>\n\t\t\t\t\t<\/div>\n\t\t<\/section>\n\t\t\t\t<\/div>\n\t\t","protected":false},"excerpt":{"rendered":"<p>Merci de vous joindre \u00e0 nous. L&rsquo;un de nos repr\u00e9sentants commerciaux vous contactera dans les 24 \u00e0 48 heures ouvrables. Nos produits<\/p>\n","protected":false},"author":6,"featured_media":0,"parent":0,"menu_order":0,"comment_status":"closed","ping_status":"closed","template":"","meta":{"content-type":"","footnotes":""},"class_list":["post-5043","page","type-page","status-publish","hentry"],"yoast_head":"<!-- This site is optimized with the Yoast SEO plugin v27.4 - https:\/\/yoast.com\/product\/yoast-seo-wordpress\/ -->\n<title>Merci de vous joindre \u00e0 nous - GEFF Sport<\/title>\n<meta name=\"description\" content=\"L&#039;un de nos repr\u00e9sentants commerciaux vous contactera dans les 24 \u00e0 48 heures ouvrables.\" \/>\n<meta name=\"robots\" content=\"index, follow, max-snippet:-1, max-image-preview:large, max-video-preview:-1\" \/>\n<link rel=\"canonical\" href=\"https:\/\/geffsport.com\/fr\/thank-you-page\/\" \/>\n<meta property=\"og:locale\" content=\"fr_FR\" \/>\n<meta property=\"og:type\" content=\"article\" \/>\n<meta property=\"og:title\" content=\"Merci de vous joindre \u00e0 nous - GEFF Sport\" \/>\n<meta property=\"og:description\" content=\"L&#039;un de nos repr\u00e9sentants commerciaux vous contactera dans les 24 \u00e0 48 heures ouvrables.\" \/>\n<meta property=\"og:url\" content=\"https:\/\/geffsport.com\/fr\/thank-you-page\/\" \/>\n<meta property=\"og:site_name\" content=\"GEFF Sport\" \/>\n<meta property=\"article:modified_time\" content=\"2022-03-09T18:11:09+00:00\" \/>\n<meta name=\"twitter:card\" content=\"summary_large_image\" \/>\n<meta name=\"twitter:label1\" content=\"Dur\u00e9e de lecture estim\u00e9e\" \/>\n\t<meta name=\"twitter:data1\" content=\"1 minute\" \/>\n<script type=\"application\/ld+json\" class=\"yoast-schema-graph\">{\"@context\":\"https:\\\/\\\/schema.org\",\"@graph\":[{\"@type\":\"WebPage\",\"@id\":\"https:\\\/\\\/geffsport.com\\\/fr\\\/thank-you-page\\\/\",\"url\":\"https:\\\/\\\/geffsport.com\\\/fr\\\/thank-you-page\\\/\",\"name\":\"Merci de vous joindre \u00e0 nous - GEFF Sport\",\"isPartOf\":{\"@id\":\"https:\\\/\\\/geffsport.com\\\/es\\\/#website\"},\"datePublished\":\"2022-03-09T15:04:56+00:00\",\"dateModified\":\"2022-03-09T18:11:09+00:00\",\"description\":\"L'un de nos repr\u00e9sentants commerciaux vous contactera dans les 24 \u00e0 48 heures ouvrables.\",\"breadcrumb\":{\"@id\":\"https:\\\/\\\/geffsport.com\\\/fr\\\/thank-you-page\\\/#breadcrumb\"},\"inLanguage\":\"fr-FR\",\"potentialAction\":[{\"@type\":\"ReadAction\",\"target\":[\"https:\\\/\\\/geffsport.com\\\/fr\\\/thank-you-page\\\/\"]}]},{\"@type\":\"BreadcrumbList\",\"@id\":\"https:\\\/\\\/geffsport.com\\\/fr\\\/thank-you-page\\\/#breadcrumb\",\"itemListElement\":[{\"@type\":\"ListItem\",\"position\":1,\"name\":\"Portada\",\"item\":\"https:\\\/\\\/geffsport.com\\\/fr\\\/\"},{\"@type\":\"ListItem\",\"position\":2,\"name\":\"Merci de vous joindre \u00e0 nous\"}]},{\"@type\":\"WebSite\",\"@id\":\"https:\\\/\\\/geffsport.com\\\/es\\\/#website\",\"url\":\"https:\\\/\\\/geffsport.com\\\/es\\\/\",\"name\":\"GEFF Sport\",\"description\":\"A new concept in Sports Teamwear\",\"publisher\":{\"@id\":\"https:\\\/\\\/geffsport.com\\\/es\\\/#organization\"},\"potentialAction\":[{\"@type\":\"SearchAction\",\"target\":{\"@type\":\"EntryPoint\",\"urlTemplate\":\"https:\\\/\\\/geffsport.com\\\/es\\\/?s={search_term_string}\"},\"query-input\":{\"@type\":\"PropertyValueSpecification\",\"valueRequired\":true,\"valueName\":\"search_term_string\"}}],\"inLanguage\":\"fr-FR\"},{\"@type\":\"Organization\",\"@id\":\"https:\\\/\\\/geffsport.com\\\/es\\\/#organization\",\"name\":\"GEFF Sport\",\"url\":\"https:\\\/\\\/geffsport.com\\\/es\\\/\",\"logo\":{\"@type\":\"ImageObject\",\"inLanguage\":\"fr-FR\",\"@id\":\"https:\\\/\\\/geffsport.com\\\/es\\\/#\\\/schema\\\/logo\\\/image\\\/\",\"url\":\"https:\\\/\\\/geffsport.com\\\/wp-content\\\/uploads\\\/2024\\\/04\\\/geff-sport-logo-equipaciones-deportivas-2048x743-1-e1714455173661.png\",\"contentUrl\":\"https:\\\/\\\/geffsport.com\\\/wp-content\\\/uploads\\\/2024\\\/04\\\/geff-sport-logo-equipaciones-deportivas-2048x743-1-e1714455173661.png\",\"width\":2048,\"height\":743,\"caption\":\"GEFF Sport\"},\"image\":{\"@id\":\"https:\\\/\\\/geffsport.com\\\/es\\\/#\\\/schema\\\/logo\\\/image\\\/\"}}]}<\/script>\n<!-- \/ Yoast SEO plugin. -->","yoast_head_json":{"title":"Merci de vous joindre \u00e0 nous - GEFF Sport","description":"L'un de nos repr\u00e9sentants commerciaux vous contactera dans les 24 \u00e0 48 heures ouvrables.","robots":{"index":"index","follow":"follow","max-snippet":"max-snippet:-1","max-image-preview":"max-image-preview:large","max-video-preview":"max-video-preview:-1"},"canonical":"https:\/\/geffsport.com\/fr\/thank-you-page\/","og_locale":"fr_FR","og_type":"article","og_title":"Merci de vous joindre \u00e0 nous - GEFF Sport","og_description":"L'un de nos repr\u00e9sentants commerciaux vous contactera dans les 24 \u00e0 48 heures ouvrables.","og_url":"https:\/\/geffsport.com\/fr\/thank-you-page\/","og_site_name":"GEFF Sport","article_modified_time":"2022-03-09T18:11:09+00:00","twitter_card":"summary_large_image","twitter_misc":{"Dur\u00e9e de lecture estim\u00e9e":"1 minute"},"schema":{"@context":"https:\/\/schema.org","@graph":[{"@type":"WebPage","@id":"https:\/\/geffsport.com\/fr\/thank-you-page\/","url":"https:\/\/geffsport.com\/fr\/thank-you-page\/","name":"Merci de vous joindre \u00e0 nous - GEFF Sport","isPartOf":{"@id":"https:\/\/geffsport.com\/es\/#website"},"datePublished":"2022-03-09T15:04:56+00:00","dateModified":"2022-03-09T18:11:09+00:00","description":"L'un de nos repr\u00e9sentants commerciaux vous contactera dans les 24 \u00e0 48 heures ouvrables.","breadcrumb":{"@id":"https:\/\/geffsport.com\/fr\/thank-you-page\/#breadcrumb"},"inLanguage":"fr-FR","potentialAction":[{"@type":"ReadAction","target":["https:\/\/geffsport.com\/fr\/thank-you-page\/"]}]},{"@type":"BreadcrumbList","@id":"https:\/\/geffsport.com\/fr\/thank-you-page\/#breadcrumb","itemListElement":[{"@type":"ListItem","position":1,"name":"Portada","item":"https:\/\/geffsport.com\/fr\/"},{"@type":"ListItem","position":2,"name":"Merci de vous joindre \u00e0 nous"}]},{"@type":"WebSite","@id":"https:\/\/geffsport.com\/es\/#website","url":"https:\/\/geffsport.com\/es\/","name":"GEFF Sport","description":"A new concept in Sports Teamwear","publisher":{"@id":"https:\/\/geffsport.com\/es\/#organization"},"potentialAction":[{"@type":"SearchAction","target":{"@type":"EntryPoint","urlTemplate":"https:\/\/geffsport.com\/es\/?s={search_term_string}"},"query-input":{"@type":"PropertyValueSpecification","valueRequired":true,"valueName":"search_term_string"}}],"inLanguage":"fr-FR"},{"@type":"Organization","@id":"https:\/\/geffsport.com\/es\/#organization","name":"GEFF Sport","url":"https:\/\/geffsport.com\/es\/","logo":{"@type":"ImageObject","inLanguage":"fr-FR","@id":"https:\/\/geffsport.com\/es\/#\/schema\/logo\/image\/","url":"https:\/\/geffsport.com\/wp-content\/uploads\/2024\/04\/geff-sport-logo-equipaciones-deportivas-2048x743-1-e1714455173661.png","contentUrl":"https:\/\/geffsport.com\/wp-content\/uploads\/2024\/04\/geff-sport-logo-equipaciones-deportivas-2048x743-1-e1714455173661.png","width":2048,"height":743,"caption":"GEFF Sport"},"image":{"@id":"https:\/\/geffsport.com\/es\/#\/schema\/logo\/image\/"}}]}},"_links":{"self":[{"href":"https:\/\/geffsport.com\/fr\/wp-json\/wp\/v2\/pages\/5043","targetHints":{"allow":["GET"]}}],"collection":[{"href":"https:\/\/geffsport.com\/fr\/wp-json\/wp\/v2\/pages"}],"about":[{"href":"https:\/\/geffsport.com\/fr\/wp-json\/wp\/v2\/types\/page"}],"author":[{"embeddable":true,"href":"https:\/\/geffsport.com\/fr\/wp-json\/wp\/v2\/users\/6"}],"replies":[{"embeddable":true,"href":"https:\/\/geffsport.com\/fr\/wp-json\/wp\/v2\/comments?post=5043"}],"version-history":[{"count":0,"href":"https:\/\/geffsport.com\/fr\/wp-json\/wp\/v2\/pages\/5043\/revisions"}],"wp:attachment":[{"href":"https:\/\/geffsport.com\/fr\/wp-json\/wp\/v2\/media?parent=5043"}],"curies":[{"name":"wp","href":"https:\/\/api.w.org\/{rel}","templated":true}]}}